{"id":2073,"date":"2021-03-24T10:31:41","date_gmt":"2021-03-24T13:31:41","guid":{"rendered":"https:\/\/www.ebp.org.br\/ba\/?page_id=2073"},"modified":"2025-02-24T06:07:13","modified_gmt":"2025-02-24T09:07:13","slug":"agente","status":"publish","type":"page","link":"https:\/\/ebp.org.br\/ba\/publicacoes\/agente\/","title":{"rendered":"AGENTE"},"content":{"rendered":"<section class=\"wpb-content-wrapper\">[vc_row][vc_column][vc_column_text]\n<h3 style=\"text-align: center;\"><span style=\"color: #993300;\">REVISTA AGENTE<\/span><\/h3>\n[\/vc_column_text][vc_video link=&#8221;https:\/\/youtu.be\/QLVQyndUiIc&#8221; el_width=&#8221;70&#8243; align=&#8221;center&#8221;][\/vc_column][\/vc_row][vc_row][vc_column width=&#8221;2\/3&#8243;][vc_column_text]\n<div class=\"capa-filmes\">\n<div class=\"texts-filmes\">\n<div class=\"capa-filmes\">\n<div class=\"texts-filmes\">\n<h3 class=\"n-mb\">AUTOR<\/h3>\n<p>V\u00e1rios<\/p>\n<h3 class=\"n-mb\">N\u00daMERO \/ EDI\u00c7\u00c3O<\/h3>\n<p>21<\/p>\n<h3 class=\"n-mb\">ANO<\/h3>\n<p>2024<\/p>\n<h3 class=\"n-mb\">ISSN<\/h3>\n<p>2318-6054<\/p>\n<h3><span style=\"color: #993300;\"><strong>SUM\u00c1RIO:<\/strong><\/span><\/h3>\n<\/div>\n<\/div>\n<div>\n<p><span style=\"color: #993300;\"><strong>Editorial<\/strong><\/span><\/p>\n<p><em>Marcela Antelo &amp; Luiza Sarno<\/em><\/p>\n<p><span style=\"color: #993300;\">LEITURAS O semin\u00e1rio, livro 16<\/span><\/p>\n<p><strong>Saber Gozo<br \/>\n<\/strong><em>F\u00e1tima Sarmento<\/em><\/p>\n<p><strong>G\u00f6del, o teorema da decidibilidade e Lacan: Articula\u00e7\u00f5es a<\/strong><strong>\u00a0partir do Semin\u00e1rio 16, <em>De um Outro ao outro<\/em> (1968\/1969)<br \/>\n<\/strong><em>Graziela Pires <\/em><\/p>\n<p><strong>A extasiante ignom\u00ednia da Homela<br \/>\n<\/strong><em>Iordan Gurgel<\/em><\/p>\n<p><strong>Um cani\u00e7o pensante e sua aposta<br \/>\n<\/strong><em>Milena Nadier<\/em><\/p>\n<p><strong>Por que a debilidade interessa \u00e0 Psican\u00e1lise?<br \/>\n<\/strong><em>M\u00f4nica Hage<\/em><\/p>\n<p><span style=\"color: #993300;\">DESEJOS<\/span><\/p>\n<p><strong>Desejo: mostra a sua cara! Argumento para a<\/strong><strong>\u00a0 XXVII Jornada da EBP-BA e XXIII Jornada do IPB<br \/>\n<\/strong><em style=\"color: var(--wpex-text-2);\">Al\u00e9ssia Fontenelle<\/em><\/p>\n<p><strong>Outro Ex Machina<br \/>\n<\/strong><em>Bruno Emanuel Ramos de Oliveira<\/em><\/p>\n<p><strong>O desejo na cidade<br \/>\n<\/strong><em>Giovana Reis Mesquita<\/em><\/p>\n<p><strong>O desejo e a bola de ferro: uma leitura topol\u00f3gica do desejo<br \/>\n<\/strong><em>Luiz Mena <\/em><\/p>\n<p><span style=\"color: #993300;\">SIL\u00caNCIOS<\/span><\/p>\n<p><strong>O sil\u00eancio das sereias<br \/>\n<\/strong><em>Gerardo Battista<\/em><\/p>\n<p><strong>A er\u00f3tica do sil\u00eancio de Robert Fliess<br \/>\n<\/strong><em>Juan Juli\u00e1n Lastra<\/em><\/p>\n<p><span style=\"color: #993300;\">LOUCURAS<\/span><\/p>\n<p><strong>\u00a0Laranjas s\u00e3o a <em>\u00danica<\/em><\/strong><strong> fruta<br \/>\n<\/strong><em>Joanne Conway<\/em><\/p>\n<p><strong>\u201cO Peito de Andy\u201d, ou \u201cNada Especial\u201d<br \/>\n<\/strong><em>Pamela King<\/em><\/p>\n<p><strong>Separa\u00e7\u00e3o em Ato<br \/>\n<\/strong><em>Peggy Papada<\/em><\/p>\n<p><span style=\"color: #993300;\">ENSAIOS<\/span><\/p>\n<p><strong>A crian\u00e7a, entre a despatologiza\u00e7\u00e3o e o diagn\u00f3stico<br \/>\n<\/strong><em>Alice Delarue<\/em><\/p>\n<p><strong>Qual uso poss\u00edvel dos n\u00f3s lacanianos?<br \/>\n<\/strong><em style=\"color: var(--wpex-text-2);\">Anne Colombel-Plouzennec<\/em><\/p>\n<p><strong>\u201cComo pode algu\u00e9m se dedicar a satisfazer esses casos de urg\u00eancia?\u201d<br \/>\n<\/strong><em>Luiz Felipe Monteiro<\/em><\/p>\n<p><strong>\u00d3dio e<\/strong> <strong>segrega\u00e7\u00e3o<br \/>\n<\/strong><em>Marcela Antelo<\/em><\/p>\n<p><strong>A psican\u00e1lise nas institui\u00e7\u00f5es na era da despatologiza\u00e7\u00e3o <\/strong><strong>e da generaliza\u00e7\u00e3o do d\u00e9ficit<br \/>\n<\/strong><em>Mathieu Siriot<\/em><\/p>\n<p><span style=\"color: #993300;\">SESS\u00c3O NOTURNA<\/span><\/p>\n<p><strong>Bruta aventura em versos Sess\u00e3o Noturna:\u00a0 <\/strong><strong>Psican\u00e1lise &amp; Audiovisual<br \/>\n<\/strong><em>Ana Lucia Lutterbach<\/em><\/p>\n<p><strong>AUTORES AGENTE 21<\/strong><\/p>\n<p><strong>TRADUTORES AGENTE 21<\/strong><\/p>\n<p><strong>NORMAS DE PUBLICA\u00c7\u00c3O<\/strong><\/p>\n<\/div>\n<hr \/>\n<h3><span style=\"color: #993300;\"><strong>EDITORIAL<\/strong><\/span><\/h3>\n<p>Marcela Antelo &amp; Luiza Sarno<\/p>\n<p>Com este n\u00famero 21, n\u00famero de virada de d\u00e9cada, queremos testemunhar da nossa simpatia pelos 500.000 catadores de mat\u00e9ria registrados no Brasil. Res\u00edduos s\u00f3lidos ressoam no conceito da letra lacaniana. Chamamos letra \u201ca estrutura essencialmente localizada do significante\u201d<a href=\"#_ftn1\" name=\"_ftnref1\">[1]<\/a>.<\/p>\n<p>A partir da homofonia de Joyce, Lacan enuncia: \u201c<em>A letter, a litter<\/em><em>; <\/em>uma letra, um lixo\u201d<a href=\"#_ftn2\" name=\"_ftnref2\">[2]<\/a>. Dizemos simpatia, mas constatamos identifica\u00e7\u00e3o. A <em>Agente<\/em> se faz catando res\u00edduos s\u00f3lidos que poder\u00e3o ou n\u00e3o ser recicl\u00e1veis se comovem um leitor. De apresenta\u00e7\u00f5es, debates, congressos, leituras, conversa\u00e7\u00f5es, exibi\u00e7\u00f5es, l\u00e1 vamos n\u00f3s a catar, selecionar e colocar a rodar. Como coordenadas de navega\u00e7\u00e3o nesse mar de significantes, propomos seis eixos: Leituras do Semin\u00e1rio 16, Desejos, Sil\u00eancios, Loucuras, Ensaios e Sess\u00e3o Noturna.<\/p>\n<p>A travessia realizada atrav\u00e9s da leitura do Semin\u00e1rio 16 no decorrer do Semin\u00e1rio de Forma\u00e7\u00e3o Permanente da Se\u00e7\u00e3o Bahia permitiu delinear o deslocamento que Lacan realiza em dire\u00e7\u00e3o ao seu \u00faltimo ensino. F\u00e1tima Sarmento localiza duas subvers\u00f5es introduzidas por Lacan no cap\u00edtulo XX, \u201cSaber Gozo\u201d: primeiro, uma leitura l\u00f3gica da f\u00f3rmula \u201co significante representa o sujeito para outro significante\u201d, localizando a origem do sujeito como um efeito de gozo; depois, a elabora\u00e7\u00e3o do objeto <em>a<\/em> como enforma do Outro, ou seja, como molde, que fixa condi\u00e7\u00f5es tanto do desejo como da satisfa\u00e7\u00e3o pulsional. O texto de Graziela Pires apresenta o uso realizado por Lacan, no Semin\u00e1rio 16, do teorema da incompletude de G\u00f6del, que possibilitar\u00e1 a elabora\u00e7\u00e3o, no Semin\u00e1rio 20, das f\u00f3rmulas da sexua\u00e7\u00e3o. Iordan Gurgel delineia no coment\u00e1rio do cap\u00edtulo XXV, \u201cA extasiante ignom\u00ednia da homela\u201d, a rela\u00e7\u00e3o da mulher com seu Outro gozo, com sua posi\u00e7\u00e3o de objeto <em>a<\/em>, causa do desejo, al\u00e9m de sinalizar elabora\u00e7\u00f5es que possibilitar\u00e3o a constru\u00e7\u00e3o dos quatro discursos no semin\u00e1rio seguinte. Milena Nadier se debru\u00e7a em outro pensador evocado nesse semin\u00e1rio, tratando a aposta de Pascal atrav\u00e9s dos conceitos de repeti\u00e7\u00e3o e perda. Orientada pela pergunta \u201cPor que a debilidade interessa \u00e0 Psican\u00e1lise?\u201d, M\u00f4nica Hage situa a introdu\u00e7\u00e3o do termo \u201cDebilidade\u201d como conceito a partir do Semin\u00e1rio 16. Seguindo os rastros dos deslocamentos realizados por Lacan sobre esse tema, Hage localiza no Semin\u00e1rio 24 uma generaliza\u00e7\u00e3o ao afirmar que se n\u00e3o formos loucos, seremos todos d\u00e9beis.<\/p>\n<p>No eixo Desejo, temos o Argumento escrito por Al\u00e9ssia Fontenelle para as Jornadas da EBP &#8211; Se\u00e7\u00e3o Bahia e do IPB, que ocorreram em 2023 sobre o desejo. Realizando um percurso cuidadoso sobre as concep\u00e7\u00f5es do desejo no decorrer da obra de Freud e do ensino de Lacan, o argumento suscita diversas quest\u00f5es sobre o paradeiro do desejo em nossa \u00e9poca e como isso reverbera na nossa cl\u00ednica. Bruno Oliveira questiona o lugar na Psican\u00e1lise, num mundo em que o avan\u00e7o da IA promete constituir um &#8220;Outro <em>ex machina<\/em>&#8221; onipotente e onipresente. Giovana Mesquita escreve um ensaio sobre as correla\u00e7\u00f5es entre Psican\u00e1lise e cidade, principalmente no que tange \u00e0 quest\u00e3o do desejo. Ao refletir sobre a subjetividade na cidade organizada a partir do discurso capitalista, a autora toma a cidade de Seul como paradigma. Finalizando esse eixo, Luiz Mena prop\u00f5e uma leitura topol\u00f3gica do desejo, apontando que \u201ca psican\u00e1lise revela que os caminhos tortuosos do falasser em sua rela\u00e7\u00e3o com o desejo seguem uma perspectiva n\u00e3o euclidiana, mas moebiana, quando as fronteiras n\u00e3o s\u00e3o claras, quando n\u00e3o sabemos definir qual \u00e9 o objeto, nem se ele est\u00e1 dentro ou fora, e nem se ele \u00e9 bom ou ruim\u201d.<\/p>\n<p>\u00c9 no entorno do Sil\u00eancio, quest\u00e3o dif\u00edcil, por\u00e9m inerente \u00e0 cl\u00ednica, que apresentamos o terceiro eixo com os trabalhos de Gerardo Battista e Juan Juli\u00e1n Lastra. Battista recorre \u00e0 pintura <em>A voz<\/em>, de Edvard Munch, e ao conto de Franz Kafka, \u201cO sil\u00eancio das sereias\u201d, para apreender as tramas que constituem o Supereu contempor\u00e2neo. Lastra destaca que nem todo o sil\u00eancio em an\u00e1lise \u00e9 equivalente. Para avan\u00e7ar sobre o tema, prop\u00f5e tomar o texto de Robert Fliess, \u201cSil\u00eancio e verbaliza\u00e7\u00e3o. Suplemento \u00e0 teoria da &#8216;regra anal\u00edtica\u2019\u201d, como orienta\u00e7\u00e3o para apreender algo do objeto voz no sil\u00eancio em an\u00e1lise e no ensino de Lacan.<\/p>\n<p>Uma leitura cl\u00ednica sobre a biografia de Andy Warhol e dois casos cl\u00ednicos comp\u00f5em os textos do quarto eixo: Loucuras. Seguindo os tra\u00e7os da biografia de Andy Warhol, Pamela King busca apreender seu percurso enodando, desenodando e re-enodando a imagem, o corpo e a sua obra, visando elevar o Nada \u00e0 dignidade da Coisa. Joanne Conway tangencia um impasse da cl\u00ednica atrav\u00e9s de um caso de anorexia: \u201cComo extrair o sujeito de um ideal t\u00e3o delirante simultaneamente defendendo sua pr\u00f3pria solu\u00e7\u00e3o delirante?\u201d. O caso cl\u00ednico apresentado por Peggy Papada aponta como um <em>acting out<\/em>, que quase interrompeu o processo anal\u00edtico, p\u00f4de ser manejado, levando a analisante a dar um contorno a sua \u201cloucura\u201d.<\/p>\n<p>O quinto eixo, denominado Ensaios, nos permite avan\u00e7ar em \u00e1guas profundas, possibilitando acompanhar as elabora\u00e7\u00f5es dos autores sobre quest\u00f5es atuais e cruciais. Alice Delarue, utilizando os conceitos de aliena\u00e7\u00e3o e separa\u00e7\u00e3o como b\u00fassolas, realiza uma reflex\u00e3o cr\u00edtica sobre a mudan\u00e7a de perspectiva no tratamento da psicose infantil. \u00a0Anne Colombel-Plouzennec busca ler um caso cl\u00ednico, cuja queixa era os ci\u00fames, atrav\u00e9s da teoria lacaniana dos n\u00f3s, pautando seu texto na interroga\u00e7\u00e3o \u201cQual uso poss\u00edvel dos n\u00f3s lacanianos?\u201d. O texto de Luiz Felipe Monteiro traz contribui\u00e7\u00f5es sobre os modos de apreender a urg\u00eancia na cl\u00ednica psicanal\u00edtica, atrav\u00e9s de uma leitura minuciosa do \u201cPref\u00e1cio \u00e0 edi\u00e7\u00e3o inglesa do Semin\u00e1rio 11\u201d, de Lacan. Marcela Antelo mapeia os deslocamentos realizados por Freud e por Lacan em torno de dois temas presentes no mal-estar contempor\u00e2neo: \u00f3dio e segrega\u00e7\u00e3o. Finalizando os ensaios, temos Mathieu Siriot evidenciando, a partir do \u00faltimo Lacan, que a \u201cnova conduta cl\u00ednica\u201d pautada numa abordagem neuronal \u00e9 apenas uma repeti\u00e7\u00e3o de uma abordagem iniciada h\u00e1 dois s\u00e9culos.<\/p>\n<p>O sexto e \u00faltimo eixo apresenta uma Sess\u00e3o Noturna, onde Ana L\u00facia Lutterbach, orientada pelo tema do XIV Congresso Mundial da AMP, \u201cTodo mundo \u00e9 louco\u201d, comenta um document\u00e1rio sobre Ana Cristina Cesar e sua obra. Ana L\u00facia Lutterbach aponta que algo de um despertar provocado pela obra de Ana Cristina se aproxima dos efeitos da experi\u00eancia de transmiss\u00e3o do passe.<\/p>\n<p>A capa deste n\u00famero volta a trazer o significante identifica\u00e7\u00e3o \u00e0 baila. A artista isola um tra\u00e7o na figura de Jacques Lacan, primeiro movimento da arte da caricatura, e na contracapa, voltamos a praticar um corte, uma extra\u00e7\u00e3o, fazendo das volutas do cigarro torto de Lacan o objeto b\u00fassola. Freud fala da caricatura e seu efeito c\u00f4mico submetido a uma condi\u00e7\u00e3o: \u201cEsse efeito sujeita-se \u00e0 condi\u00e7\u00e3o de que n\u00e3o nos mantenhamos em atitude reverente na presen\u00e7a real do objeto eminente\u201d<a href=\"#_ftn3\" name=\"_ftnref3\">[3]<\/a>. A for\u00e7a da caricatura<a href=\"#_ftn4\" name=\"_ftnref4\">[4]<\/a> e seus segundo e terceiro movimentos \u2013 a fragmenta\u00e7\u00e3o e a reconstitui\u00e7\u00e3o idealizada \u2013 nos fazem descobrir a diferen\u00e7a c\u00f4mica, fonte de nosso prazer.<\/p>\n<p>Ao que parece, as caricaturas constitu\u00edam um regozijo para Freud. Como podemos ler na p\u00e1gina 526 dos <em>Escritos<\/em>, \u201cPara interpretar o inconsciente como Freud, seria preciso, como ele, ser uma enciclop\u00e9dia das artes e das musas, al\u00e9m de leitor ass\u00edduo das <em>Fli<\/em><em>egende Bl\u00e4tter<\/em>\u201d<a href=\"#_ftn5\" name=\"_ftnref5\">[5]<\/a>, pasquim de Munique ilustrado com caricaturas<em>.<\/em><\/p>\n<p>A contracapa quer testemunhar nossa mod\u00e9stia face ao contingente que perturba as coordenadas que se pretendem precisas. Encontramos umas volutas da fala ou filacteras, pergaminhos ilustrados a denotar falas ou outros tipos de som. Alegrou-nos encontrar os <em>Amantes de Gotha<\/em>, realizado provavelmente por volta de 1480 e de autor indefinido. Primeiro retrato alem\u00e3o de di\u00e1logo entre profanos que ilustra que as volutas de fala giram ao redor do mal-entendido, excelente perisc\u00f3pio para o pr\u00f3ximo n\u00famero de <em>Agente<\/em>, que provavelmente girar\u00e1 convulsionado ao redor de nosso <em>hashtag<\/em> A rela\u00e7\u00e3o sexual n\u00e3o existe. #RSNE.<\/p>\n<hr \/>\n<p><a href=\"#_ftnref1\" name=\"_ftn1\"><span style=\"font-size: 13px;\">[1]<\/span><\/a><span style=\"font-size: 13px;\"> LACAN, J. A inst\u00e2ncia da letra no inconsciente ou a raz\u00e3o desde Freud. (1957) In: LACAN, J. <em>Escritos<\/em><em>. Rio de Janeiro: <\/em>Jorge Zahar Ed., 1998. p. 505.<\/span><\/p>\n<p><span style=\"font-size: 13px;\"><a href=\"#_ftnref2\" name=\"_ftn2\">[2]<\/a> LACAN, J. <em>O semin\u00e1rio sobre \u201cA carta roubada\u201d. (1956) In: LACAN, J. Escritos<\/em><em>. Rio de Janeiro: <\/em>Jorge Zahar Ed., 1998. p. 28.<\/span><\/p>\n<p><span style=\"font-size: 13px;\"><a href=\"#_ftnref3\" name=\"_ftn3\">[3]<\/a> FREUD, S. Os chistes e sua rela\u00e7\u00e3o com o inconsciente, apartado 7. (1905) In: FREUD, S. <em>Edi\u00e7\u00e3o standard das obras psicol\u00f3gicas completas de Sigmund Freud<\/em>. v. VII. Rio de Janeiro: Imago, 1969. p. 188.<\/span><\/p>\n<p><span style=\"font-size: 13px;\"><a href=\"#_ftnref4\" name=\"_ftn4\">[4]<\/a> Express\u00e3o de G\u00e9rard Wajcman em <em>Colecci\u00f3n<\/em> seguido de <em>La avaricia<\/em>. Buenos Aires: Manantial, 2010. p. 76.<\/span><\/p>\n<p><span style=\"font-size: 13px;\"><a href=\"#_ftnref5\" name=\"_ftn5\">[5]<\/a> LACAN, J. \u201cA instancia da letra no inconsciente. In: <em>Escrito<\/em>s, Op. Cit. p. 526.<\/span><\/p>\n<\/div>\n<\/div>\n[\/vc_column_text][\/vc_column][vc_column width=&#8221;1\/3&#8243;][vc_single_image image=&#8221;3944&#8243;][vc_empty_space][vc_btn title=&#8221;Leia +&#8221; color=&#8221;danger&#8221; size=&#8221;xs&#8221; align=&#8221;center&#8221; link=&#8221;url:https%3A%2F%2Febp.org.br%2Fba%2Fagente-21%2F|title:Agente21&#8243;][\/vc_column][\/vc_row][vc_row][vc_column][vc_separator color=&#8221;juicy_pink&#8221; border_width=&#8221;2&#8243;][\/vc_column][\/vc_row][vc_row][vc_column][vc_column_text]\n<h3><span style=\"color: #800000;\">N\u00daMEROS ANTERIORES<\/span><\/h3>\n[\/vc_column_text][\/vc_column][\/vc_row][vc_row][vc_column width=&#8221;1\/4&#8243;][vc_single_image image=&#8221;2083&#8243; alignment=&#8221;center&#8221;][vc_empty_space height=&#8221;20px&#8221;][vc_btn title=&#8221;Leia +&#8221; color=&#8221;danger&#8221; align=&#8221;center&#8221; link=&#8221;url:https%3A%2F%2Febp.org.br%2Fba%2Fagente-1%2F&#8221;][\/vc_column][vc_column width=&#8221;1\/4&#8243;][vc_single_image image=&#8221;2084&#8243; alignment=&#8221;center&#8221;][vc_empty_space height=&#8221;20px&#8221;][vc_btn title=&#8221;Leia +&#8221; color=&#8221;danger&#8221; align=&#8221;center&#8221; link=&#8221;url:https%3A%2F%2Febp.org.br%2Fba%2Fagente-2%2F&#8221;][\/vc_column][vc_column width=&#8221;1\/4&#8243;][vc_single_image image=&#8221;2085&#8243; alignment=&#8221;center&#8221;][vc_empty_space height=&#8221;20px&#8221;][vc_btn title=&#8221;Leia +&#8221; color=&#8221;danger&#8221; align=&#8221;center&#8221; link=&#8221;url:https%3A%2F%2Febp.org.br%2Fba%2Fagente-7%2F|title:Agente%207&#8243;][\/vc_column][vc_column width=&#8221;1\/4&#8243;][vc_single_image image=&#8221;2086&#8243; alignment=&#8221;center&#8221;][vc_empty_space height=&#8221;20px&#8221;][vc_btn title=&#8221;Leia +&#8221; color=&#8221;danger&#8221; align=&#8221;center&#8221; link=&#8221;url:https%3A%2F%2Febp.org.br%2Fba%2Fagente-4%2F&#8221;][\/vc_column][\/vc_row][vc_row][vc_column][vc_separator][\/vc_column][\/vc_row][vc_row][vc_column width=&#8221;1\/4&#8243;][vc_single_image image=&#8221;2087&#8243; alignment=&#8221;center&#8221;][vc_empty_space height=&#8221;20px&#8221;][vc_btn title=&#8221;Leia +&#8221; color=&#8221;danger&#8221; align=&#8221;center&#8221; link=&#8221;url:https%3A%2F%2Febp.org.br%2Fba%2Fagente-5%2F|title:Agente%205&#8243;][\/vc_column][vc_column width=&#8221;1\/4&#8243;][vc_single_image image=&#8221;2088&#8243; alignment=&#8221;center&#8221;][vc_empty_space height=&#8221;20px&#8221;][vc_btn title=&#8221;Leia +&#8221; color=&#8221;danger&#8221; align=&#8221;center&#8221; link=&#8221;url:https%3A%2F%2Febp.org.br%2Fba%2Fagente-6%2F|title:Agente%206&#8243;][\/vc_column][vc_column width=&#8221;1\/4&#8243;][vc_single_image image=&#8221;2089&#8243; alignment=&#8221;center&#8221;][vc_empty_space height=&#8221;20px&#8221;][vc_btn title=&#8221;Leia +&#8221; color=&#8221;danger&#8221; align=&#8221;center&#8221; link=&#8221;url:https%3A%2F%2Febp.org.br%2Fba%2Fagente-7%2F|title:Agente%207&#8243;][\/vc_column][vc_column width=&#8221;1\/4&#8243;][vc_single_image image=&#8221;2090&#8243; alignment=&#8221;center&#8221;][vc_empty_space height=&#8221;20px&#8221;][vc_btn title=&#8221;Leia +&#8221; color=&#8221;danger&#8221; align=&#8221;center&#8221; link=&#8221;url:https%3A%2F%2Febp.org.br%2Fba%2Fagente-8%2F|title:Agente%208&#8243;][\/vc_column][\/vc_row][vc_row][vc_column][vc_separator][\/vc_column][\/vc_row][vc_row][vc_column width=&#8221;1\/4&#8243;][vc_single_image image=&#8221;2091&#8243; alignment=&#8221;center&#8221;][vc_empty_space height=&#8221;20px&#8221;][vc_btn title=&#8221;Leia +&#8221; color=&#8221;danger&#8221; align=&#8221;center&#8221; link=&#8221;url:https%3A%2F%2Febp.org.br%2Fba%2Fagente-9%2F|title:Agente%209&#8243;][\/vc_column][vc_column width=&#8221;1\/4&#8243;][vc_single_image image=&#8221;2092&#8243; alignment=&#8221;center&#8221;][vc_empty_space height=&#8221;20px&#8221;][vc_btn title=&#8221;Leia +&#8221; color=&#8221;danger&#8221; align=&#8221;center&#8221; link=&#8221;url:https%3A%2F%2Febp.org.br%2Fba%2Fagente-10%2F|title:Agente%2010&#8243;][\/vc_column][vc_column width=&#8221;1\/4&#8243;][vc_single_image image=&#8221;2093&#8243; alignment=&#8221;center&#8221;][vc_empty_space height=&#8221;20px&#8221;][vc_btn title=&#8221;Leia +&#8221; color=&#8221;danger&#8221; align=&#8221;center&#8221; link=&#8221;url:https%3A%2F%2Febp.org.br%2Fba%2Fagente-11%2F|title:Agente%2011&#8243;][\/vc_column][vc_column width=&#8221;1\/4&#8243;][vc_single_image image=&#8221;2094&#8243; alignment=&#8221;center&#8221;][vc_empty_space height=&#8221;20px&#8221;][vc_btn title=&#8221;Leia +&#8221; color=&#8221;danger&#8221; align=&#8221;center&#8221; link=&#8221;url:https%3A%2F%2Febp.org.br%2Fba%2Fagente-12%2F|title:Agente%2012&#8243;][\/vc_column][\/vc_row][vc_row][vc_column][vc_separator][\/vc_column][\/vc_row][vc_row][vc_column width=&#8221;1\/4&#8243;][vc_single_image image=&#8221;2095&#8243; alignment=&#8221;center&#8221;][vc_empty_space height=&#8221;20px&#8221;][vc_btn title=&#8221;Leia +&#8221; color=&#8221;danger&#8221; align=&#8221;center&#8221; link=&#8221;url:https%3A%2F%2Febp.org.br%2Fba%2Fagente-13%2F|title:Agente%2013&#8243;][\/vc_column][vc_column width=&#8221;1\/4&#8243;][vc_single_image image=&#8221;2096&#8243; alignment=&#8221;center&#8221;][vc_empty_space height=&#8221;20px&#8221;][vc_btn title=&#8221;Leia +&#8221; color=&#8221;danger&#8221; align=&#8221;center&#8221; link=&#8221;url:https%3A%2F%2Febp.org.br%2Fba%2Fagente-14%2F|title:Agente%2014&#8243;][\/vc_column][vc_column width=&#8221;1\/4&#8243;][vc_single_image image=&#8221;3832&#8243; alignment=&#8221;center&#8221;][vc_empty_space height=&#8221;20px&#8221;][vc_btn title=&#8221;Leia +&#8221; color=&#8221;danger&#8221; align=&#8221;center&#8221; link=&#8221;url:https%3A%2F%2Febp.org.br%2Fba%2Fagente-15%2F|title:Agente%2015&#8243;][\/vc_column][vc_column width=&#8221;1\/4&#8243;][vc_single_image image=&#8221;2099&#8243; alignment=&#8221;center&#8221;][vc_empty_space height=&#8221;20px&#8221;][vc_btn title=&#8221;Leia +&#8221; color=&#8221;danger&#8221; align=&#8221;center&#8221; link=&#8221;url:https%3A%2F%2Febp.org.br%2Fba%2Fagente-16%2F|title:Agente%2012&#8243;][\/vc_column][\/vc_row][vc_row][vc_column][vc_separator][\/vc_column][\/vc_row][vc_row][vc_column width=&#8221;1\/4&#8243;][vc_single_image image=&#8221;2100&#8243; alignment=&#8221;center&#8221;][vc_empty_space height=&#8221;20px&#8221;][vc_btn title=&#8221;Leia +&#8221; color=&#8221;danger&#8221; align=&#8221;center&#8221; link=&#8221;url:https%3A%2F%2Febp.org.br%2Fba%2Fagente-17%2F|title:Agente%2017&#8243;][\/vc_column][vc_column width=&#8221;1\/4&#8243;][vc_single_image image=&#8221;3833&#8243; alignment=&#8221;center&#8221;][vc_empty_space height=&#8221;20px&#8221;][vc_btn title=&#8221;Leia +&#8221; color=&#8221;danger&#8221; align=&#8221;center&#8221; link=&#8221;url:https%3A%2F%2Febp.org.br%2Fba%2Fagente-18%2F|title:Agente%2018&#8243;][\/vc_column][vc_column width=&#8221;1\/4&#8243;][vc_single_image image=&#8221;3834&#8243; alignment=&#8221;center&#8221;][vc_empty_space height=&#8221;20px&#8221;][vc_btn title=&#8221;Leia +&#8221; color=&#8221;danger&#8221; align=&#8221;center&#8221; link=&#8221;url:https%3A%2F%2Febp.org.br%2Fba%2Fagente-19%2F|title:Agente%2019&#8243;][\/vc_column][vc_column width=&#8221;1\/4&#8243;][vc_single_image image=&#8221;3830&#8243; alignment=&#8221;center&#8221;][vc_empty_space height=&#8221;20px&#8221;][vc_btn title=&#8221;Leia +&#8221; color=&#8221;danger&#8221; align=&#8221;center&#8221; link=&#8221;url:https%3A%2F%2Febp.org.br%2Fba%2Fagente-20%2F|title:Agente%2020&#8243;][\/vc_column][\/vc_row][vc_row][vc_column][vc_separator][\/vc_column][\/vc_row][vc_row][vc_column width=&#8221;1\/4&#8243;][vc_single_image image=&#8221;3944&#8243; alignment=&#8221;center&#8221;][vc_empty_space height=&#8221;20px&#8221;][vc_btn title=&#8221;Leia +&#8221; color=&#8221;danger&#8221; align=&#8221;center&#8221; link=&#8221;url:https%3A%2F%2Febp.org.br%2Fba%2Fagente-21%2F|title:Agente%2017&#8243;][\/vc_column][vc_column width=&#8221;1\/4&#8243;][\/vc_column][vc_column width=&#8221;1\/4&#8243;][\/vc_column][vc_column width=&#8221;1\/4&#8243;][\/vc_column][\/vc_row]\n<\/section>","protected":false},"excerpt":{"rendered":"<p>[vc_row][vc_column][vc_column_text] REVISTA AGENTE [\/vc_column_text][vc_video link=&#8221;https:\/\/youtu.be\/QLVQyndUiIc&#8221; el_width=&#8221;70&#8243; align=&#8221;center&#8221;][\/vc_column][\/vc_row][vc_row][vc_column width=&#8221;2\/3&#8243;][vc_column_text] AUTOR V\u00e1rios N\u00daMERO \/ EDI\u00c7\u00c3O 21 ANO 2024 ISSN 2318-6054 SUM\u00c1RIO: Editorial Marcela Antelo &amp; Luiza Sarno LEITURAS O semin\u00e1rio, livro 16 Saber Gozo F\u00e1tima Sarmento G\u00f6del, o teorema da decidibilidade e Lacan: Articula\u00e7\u00f5es a\u00a0partir do Semin\u00e1rio 16, De um Outro ao outro (1968\/1969) Graziela Pires A&hellip;<\/p>\n","protected":false},"author":1,"featured_media":0,"parent":2071,"menu_order":0,"comment_status":"closed","ping_status":"closed","template":"","meta":{"footnotes":""},"class_list":["post-2073","page","type-page","status-publish","hentry","entry","no-media"],"_links":{"self":[{"href":"https:\/\/ebp.org.br\/ba\/wp-json\/wp\/v2\/pages\/2073","targetHints":{"allow":["GET"]}}],"collection":[{"href":"https:\/\/ebp.org.br\/ba\/wp-json\/wp\/v2\/pages"}],"about":[{"href":"https:\/\/ebp.org.br\/ba\/wp-json\/wp\/v2\/types\/page"}],"author":[{"embeddable":true,"href":"https:\/\/ebp.org.br\/ba\/wp-json\/wp\/v2\/users\/1"}],"replies":[{"embeddable":true,"href":"https:\/\/ebp.org.br\/ba\/wp-json\/wp\/v2\/comments?post=2073"}],"version-history":[{"count":10,"href":"https:\/\/ebp.org.br\/ba\/wp-json\/wp\/v2\/pages\/2073\/revisions"}],"predecessor-version":[{"id":3961,"href":"https:\/\/ebp.org.br\/ba\/wp-json\/wp\/v2\/pages\/2073\/revisions\/3961"}],"up":[{"embeddable":true,"href":"https:\/\/ebp.org.br\/ba\/wp-json\/wp\/v2\/pages\/2071"}],"wp:attachment":[{"href":"https:\/\/ebp.org.br\/ba\/wp-json\/wp\/v2\/media?parent=2073"}],"curies":[{"name":"wp","href":"https:\/\/api.w.org\/{rel}","templated":true}]}}