{"id":1347,"date":"2018-02-20T18:03:42","date_gmt":"2018-02-20T21:03:42","guid":{"rendered":"http:\/\/www.ebp.org.br\/ba\/?page_id=1347"},"modified":"2023-09-27T15:52:07","modified_gmt":"2023-09-27T18:52:07","slug":"acao-lacaniana","status":"publish","type":"page","link":"https:\/\/ebp.org.br\/ba\/carteis\/acao-lacaniana\/","title":{"rendered":"A\u00e7\u00e3o Lacaniana"},"content":{"rendered":"<section class=\"wpb-content-wrapper\">[vc_row][vc_column][vc_column_text]\n<h2 class=\"rtin-title\"><span style=\"color: #800000;\">A\u00e7\u00e3o Lacaniana<\/span><\/h2>\n<p>A\u00e7\u00e3o Lacaniana\u201d implica a coloca\u00e7\u00e3o \u201cem ato\u201d da psican\u00e1lise em conex\u00e3o com a cidade e os impasses de nosso tempo, atrav\u00e9s de Conversa\u00e7\u00f5es entre psicanalistas e convidados de outros campos sobre assuntos de debate na atualidade. Na Bahia a A\u00e7\u00e3o Lacaniana tem sido pensada em parceria com os Observat\u00f3rios da Fapol, sobretudo o do Autismo e Inf\u00e2ncias.[\/vc_column_text][\/vc_column][\/vc_row]\n<\/section>","protected":false},"excerpt":{"rendered":"<p>[vc_row][vc_column][vc_column_text] A\u00e7\u00e3o Lacaniana A\u00e7\u00e3o Lacaniana\u201d implica a coloca\u00e7\u00e3o \u201cem ato\u201d da psican\u00e1lise em conex\u00e3o com a cidade e os impasses de nosso tempo, atrav\u00e9s de Conversa\u00e7\u00f5es entre psicanalistas e convidados de outros campos sobre assuntos de debate na atualidade. Na Bahia a A\u00e7\u00e3o Lacaniana tem sido pensada em parceria com os Observat\u00f3rios da Fapol, sobretudo&hellip;<\/p>\n","protected":false},"author":1,"featured_media":0,"parent":1188,"menu_order":0,"comment_status":"closed","ping_status":"closed","template":"","meta":{"footnotes":""},"class_list":["post-1347","page","type-page","status-publish","hentry","entry","no-media"],"_links":{"self":[{"href":"https:\/\/ebp.org.br\/ba\/wp-json\/wp\/v2\/pages\/1347","targetHints":{"allow":["GET"]}}],"collection":[{"href":"https:\/\/ebp.org.br\/ba\/wp-json\/wp\/v2\/pages"}],"about":[{"href":"https:\/\/ebp.org.br\/ba\/wp-json\/wp\/v2\/types\/page"}],"author":[{"embeddable":true,"href":"https:\/\/ebp.org.br\/ba\/wp-json\/wp\/v2\/users\/1"}],"replies":[{"embeddable":true,"href":"https:\/\/ebp.org.br\/ba\/wp-json\/wp\/v2\/comments?post=1347"}],"version-history":[{"count":1,"href":"https:\/\/ebp.org.br\/ba\/wp-json\/wp\/v2\/pages\/1347\/revisions"}],"predecessor-version":[{"id":3770,"href":"https:\/\/ebp.org.br\/ba\/wp-json\/wp\/v2\/pages\/1347\/revisions\/3770"}],"up":[{"embeddable":true,"href":"https:\/\/ebp.org.br\/ba\/wp-json\/wp\/v2\/pages\/1188"}],"wp:attachment":[{"href":"https:\/\/ebp.org.br\/ba\/wp-json\/wp\/v2\/media?parent=1347"}],"curies":[{"name":"wp","href":"https:\/\/api.w.org\/{rel}","templated":true}]}}