{"id":1316,"date":"2017-09-05T13:25:12","date_gmt":"2017-09-05T16:25:12","guid":{"rendered":"http:\/\/www.ebp.org.br\/ba\/?page_id=1316"},"modified":"2023-09-27T15:53:10","modified_gmt":"2023-09-27T18:53:10","slug":"seminarios","status":"publish","type":"page","link":"https:\/\/ebp.org.br\/ba\/ensino\/seminarios\/","title":{"rendered":"Semin\u00e1rios"},"content":{"rendered":"<section class=\"wpb-content-wrapper\">[vc_row][vc_column][vc_column_text]\n<h2 class=\"rtin-title\"><span style=\"color: #800000;\">Semin\u00e1rios<\/span><\/h2>\n<p>]O SFP que acontece semanalmente, re\u00fane os Membros e a comunidade interessada na psican\u00e1lise e que tem Transfer\u00eancia de trabalho com a EBP, para o debate de temas que acompanham as orienta\u00e7\u00f5es da AMP. A transmiss\u00e3o do saber em quest\u00e3o tem como vertentes priorit\u00e1rias, a episteme, a cl\u00ednica e a pol\u00edtica reinantes nas diversas inst\u00e2ncias que constituem a AMP. De car\u00e1ter aberto ao p\u00fablico e gratuito, acontece todas as quartas-feiras \u00e0s 20h, na sede da EBP\/Ba.[\/vc_column_text][\/vc_column][\/vc_row]\n<\/section>","protected":false},"excerpt":{"rendered":"<p>[vc_row][vc_column][vc_column_text] Semin\u00e1rios ]O SFP que acontece semanalmente, re\u00fane os Membros e a comunidade interessada na psican\u00e1lise e que tem Transfer\u00eancia de trabalho com a EBP, para o debate de temas que acompanham as orienta\u00e7\u00f5es da AMP. A transmiss\u00e3o do saber em quest\u00e3o tem como vertentes priorit\u00e1rias, a episteme, a cl\u00ednica e a pol\u00edtica reinantes nas&hellip;<\/p>\n","protected":false},"author":1,"featured_media":0,"parent":1353,"menu_order":0,"comment_status":"closed","ping_status":"closed","template":"","meta":{"footnotes":""},"class_list":["post-1316","page","type-page","status-publish","hentry","entry","no-media"],"_links":{"self":[{"href":"https:\/\/ebp.org.br\/ba\/wp-json\/wp\/v2\/pages\/1316","targetHints":{"allow":["GET"]}}],"collection":[{"href":"https:\/\/ebp.org.br\/ba\/wp-json\/wp\/v2\/pages"}],"about":[{"href":"https:\/\/ebp.org.br\/ba\/wp-json\/wp\/v2\/types\/page"}],"author":[{"embeddable":true,"href":"https:\/\/ebp.org.br\/ba\/wp-json\/wp\/v2\/users\/1"}],"replies":[{"embeddable":true,"href":"https:\/\/ebp.org.br\/ba\/wp-json\/wp\/v2\/comments?post=1316"}],"version-history":[{"count":1,"href":"https:\/\/ebp.org.br\/ba\/wp-json\/wp\/v2\/pages\/1316\/revisions"}],"predecessor-version":[{"id":3771,"href":"https:\/\/ebp.org.br\/ba\/wp-json\/wp\/v2\/pages\/1316\/revisions\/3771"}],"up":[{"embeddable":true,"href":"https:\/\/ebp.org.br\/ba\/wp-json\/wp\/v2\/pages\/1353"}],"wp:attachment":[{"href":"https:\/\/ebp.org.br\/ba\/wp-json\/wp\/v2\/media?parent=1316"}],"curies":[{"name":"wp","href":"https:\/\/api.w.org\/{rel}","templated":true}]}}