{"id":1314,"date":"2017-09-05T13:24:55","date_gmt":"2017-09-05T16:24:55","guid":{"rendered":"http:\/\/www.ebp.org.br\/ba\/?page_id=1314"},"modified":"2024-03-18T19:37:48","modified_gmt":"2024-03-18T22:37:48","slug":"atividades","status":"publish","type":"page","link":"https:\/\/ebp.org.br\/ba\/biblioteca\/atividades\/","title":{"rendered":"ATIVIDADES"},"content":{"rendered":"<section class=\"wpb-content-wrapper\">[vc_row][vc_column][vc_column_text]\n<h2><span style=\"color: #993300;\">Atividades da BIblioteca EBP-BA 2024<\/span><\/h2>\n[\/vc_column_text][vc_empty_space][\/vc_column][\/vc_row][vc_row][vc_column][vc_column_text]\n<p style=\"font-weight: 400;\">Tomando o tema do nosso ano de estudos na Escola,\u00a0<em>As paix\u00f5es do falasser<\/em>, na sua tor\u00e7\u00e3o necess\u00e1ria com\u00a0<em>As paix\u00f5es do ser,<\/em>\u00a0indagamos: ser\u00e1 que os livros ainda ardem e queimam, nos arrebatando em paix\u00f5es?<\/p>\n<p style=\"font-weight: 400;\">Ao considerar que as paix\u00f5es podem se circuitar, articulando soma e representa\u00e7\u00e3o, afeto que ganha uma dire\u00e7\u00e3o, essa premissa, de pronto, nos permite atrelar a paix\u00e3o encarnada, que afeta o corpo, com o pr\u00f3prio conceito fronteiri\u00e7o da puls\u00e3o j\u00e1 nos ensinado por Freud. Uma forma que esse corpo se aparelha, realizando a paix\u00e3o, \u00e9 pela via da puls\u00e3o epistemof\u00edlica, onde o saber sobre um objeto que causa o desejo nos incita a produzir.<\/p>\n<p style=\"font-weight: 400;\">O saber que \u00e9 meio de gozo, como nos ensina Lacan, n\u00e3o se faz sem o amor \u2013 e, por vezes, atravessado pelo \u00f3dio. Amor e \u00f3dio, paix\u00f5es do ser, repousam na rela\u00e7\u00e3o com o Outro. Nossos livros nos servem, ent\u00e3o, como horizonte, escrita do Outro, pistas e vest\u00edgios que nos permitem, da sua leitura, produzir um efeito sujeito.<\/p>\n<p style=\"font-weight: 400;\">Nosso trabalho de Biblioteca esse ano ser\u00e1 realizado a partir de cartel composto por Rog\u00e9rio Barros, como Mais-Um, Daniela Almeida, Graziela Pires, Milena Nadier e Rafael Chaves de Barros, como cartelizantes. Propomos tr\u00eas encontros que ter\u00e3o como mote tr\u00eas obras rec\u00e9m-lan\u00e7adas, onde desejamos encontrar um espa\u00e7o para apresenta\u00e7\u00e3o da obra por parte dos autores, seguida por p\u00edlulas provocativas, incitadas pelos produtos do cartel, conversa\u00e7\u00e3o e, quem sabe, apaixonamentos.<\/p>\n<p style=\"font-weight: 400;\"><strong>05 de junho\u00a0<\/strong><\/p>\n<ul>\n<li style=\"font-weight: 400;\">Atividade Biblioteca: \u201cA morte de si\u201d &#8211; Marcelo Veras<\/li>\n<\/ul>\n<p style=\"font-weight: 400;\"><strong>11 de setembro<\/strong><\/p>\n<ul>\n<li style=\"font-weight: 400;\">Atividade Biblioteca: \u201cForaclus\u00e3o e Suas Dores\u201d &#8211; F\u00e1bio Paes Barreto<\/li>\n<\/ul>\n<p style=\"font-weight: 400;\">\u00a0<strong>A definir<\/strong><\/p>\n<ul>\n<li style=\"font-weight: 400;\">Atividade de Biblioteca: &#8220;Ang\u00fastia&#8221; &#8211; Ant\u00f4nio Carlos Caires de Ara\u00fajo<\/li>\n<\/ul>\n[\/vc_column_text][\/vc_column][\/vc_row]\n<\/section>","protected":false},"excerpt":{"rendered":"<p>[vc_row][vc_column][vc_column_text] Atividades da BIblioteca EBP-BA 2024 [\/vc_column_text][vc_empty_space][\/vc_column][\/vc_row][vc_row][vc_column][vc_column_text] Tomando o tema do nosso ano de estudos na Escola,\u00a0As paix\u00f5es do falasser, na sua tor\u00e7\u00e3o necess\u00e1ria com\u00a0As paix\u00f5es do ser,\u00a0indagamos: ser\u00e1 que os livros ainda ardem e queimam, nos arrebatando em paix\u00f5es? Ao considerar que as paix\u00f5es podem se circuitar, articulando soma e representa\u00e7\u00e3o, afeto que ganha&hellip;<\/p>\n","protected":false},"author":1,"featured_media":0,"parent":1297,"menu_order":0,"comment_status":"closed","ping_status":"closed","template":"","meta":{"footnotes":""},"class_list":["post-1314","page","type-page","status-publish","hentry","entry","no-media"],"_links":{"self":[{"href":"https:\/\/ebp.org.br\/ba\/wp-json\/wp\/v2\/pages\/1314","targetHints":{"allow":["GET"]}}],"collection":[{"href":"https:\/\/ebp.org.br\/ba\/wp-json\/wp\/v2\/pages"}],"about":[{"href":"https:\/\/ebp.org.br\/ba\/wp-json\/wp\/v2\/types\/page"}],"author":[{"embeddable":true,"href":"https:\/\/ebp.org.br\/ba\/wp-json\/wp\/v2\/users\/1"}],"replies":[{"embeddable":true,"href":"https:\/\/ebp.org.br\/ba\/wp-json\/wp\/v2\/comments?post=1314"}],"version-history":[{"count":4,"href":"https:\/\/ebp.org.br\/ba\/wp-json\/wp\/v2\/pages\/1314\/revisions"}],"predecessor-version":[{"id":3845,"href":"https:\/\/ebp.org.br\/ba\/wp-json\/wp\/v2\/pages\/1314\/revisions\/3845"}],"up":[{"embeddable":true,"href":"https:\/\/ebp.org.br\/ba\/wp-json\/wp\/v2\/pages\/1297"}],"wp:attachment":[{"href":"https:\/\/ebp.org.br\/ba\/wp-json\/wp\/v2\/media?parent=1314"}],"curies":[{"name":"wp","href":"https:\/\/api.w.org\/{rel}","templated":true}]}}