{"id":1297,"date":"2017-09-04T15:56:13","date_gmt":"2017-09-04T18:56:13","guid":{"rendered":"http:\/\/www.ebp.org.br\/ba\/?page_id=1297"},"modified":"2026-03-24T18:57:05","modified_gmt":"2026-03-24T21:57:05","slug":"biblioteca","status":"publish","type":"page","link":"https:\/\/ebp.org.br\/ba\/biblioteca\/","title":{"rendered":"Biblioteca"},"content":{"rendered":"<section class=\"wpb-content-wrapper\">[vc_row][vc_column][vc_column_text]\n<h2><span style=\"color: #800000;\">Biblioteca<\/span><\/h2>\n<p style=\"font-weight: 400;\">A Biblioteca \u00e9, tradicionalmente, um lugar de mantimento e classifica\u00e7\u00e3o dos livros, cuidado com o acervo, mas tamb\u00e9m de acesso, leitura, distribui\u00e7\u00e3o de livros e trocas, interc\u00e2mbios. Esses pilares tornam a Biblioteca um espa\u00e7o vivo que inspira vivacidade, necess\u00e1rios a cada momento, onde a letra dos escritos ressoa nos leitores, abrindo portas, janelas, veredas onde o saber se constitui singularmente. Nessa dire\u00e7\u00e3o, uma Biblioteca \u00e9 um espa\u00e7o de produ\u00e7\u00e3o, favorecendo o la\u00e7o social.<\/p>\n<p style=\"font-weight: 400;\">A Biblioteca da EBP-BA est\u00e1 inscrita\u00a0na Federa\u00e7\u00e3o Internacional de Bibliotecas de Orienta\u00e7\u00e3o Lacaniana (<a href=\"https:\/\/www.wapol.org\/pt\/campo_freudiano\/Template.asp?Archivo=Federation-internationale-des-Bibliotheques.html\" data-saferedirecturl=\"https:\/\/www.google.com\/url?q=https:\/\/www.wapol.org\/pt\/campo_freudiano\/Template.asp?Archivo%3DFederation-internationale-des-Bibliotheques.html&amp;source=gmail&amp;ust=1710783469898000&amp;usg=AOvVaw3Hf98k5az1ZKQQnsNXIWEI\">FIBOL<\/a>), fundada em 1990 por Judith Miller. Com esta composi\u00e7\u00e3o e estrutura, ela reverbera o Um da Escola. Vinculadas a FIBOL, as Bibliotecas da EBP realizam um trabalho de produ\u00e7\u00e3o, permuta\u00e7\u00e3o e interc\u00e2mbio entre as diversas Bibliotecas. Um trabalho de transfer\u00eancia com o Um que nos enla\u00e7a EBP, nas suas diversas Se\u00e7\u00f5es, e a AMP, incluindo tamb\u00e9m a cidade e cultura que d\u00e3o as margens singulares de cada Se\u00e7\u00e3o<\/p>\n<p style=\"font-weight: 400;\"><strong>Comiss\u00e3o de Biblioteca EBP-BA:<\/strong><\/p>\n<ul>\n<li><strong>Iordan Gurgel (Diretor)<\/strong><\/li>\n<li><strong>Clara Melo<\/strong><\/li>\n<li><strong>Cl\u00e1udio Melo<\/strong><\/li>\n<li><strong>Ethel Pool<\/strong><\/li>\n<li><strong>Jo\u00e3o Klaus<\/strong><\/li>\n<li><strong>Lara Cedraz<\/strong><\/li>\n<\/ul>\n[\/vc_column_text][\/vc_column][\/vc_row]\n<\/section>","protected":false},"excerpt":{"rendered":"<p>[vc_row][vc_column][vc_column_text] Biblioteca A Biblioteca \u00e9, tradicionalmente, um lugar de mantimento e classifica\u00e7\u00e3o dos livros, cuidado com o acervo, mas tamb\u00e9m de acesso, leitura, distribui\u00e7\u00e3o de livros e trocas, interc\u00e2mbios. Esses pilares tornam a Biblioteca um espa\u00e7o vivo que inspira vivacidade, necess\u00e1rios a cada momento, onde a letra dos escritos ressoa nos leitores, abrindo portas, janelas,&hellip;<\/p>\n","protected":false},"author":1,"featured_media":0,"parent":0,"menu_order":0,"comment_status":"closed","ping_status":"closed","template":"","meta":{"footnotes":""},"class_list":["post-1297","page","type-page","status-publish","hentry","entry","no-media"],"_links":{"self":[{"href":"https:\/\/ebp.org.br\/ba\/wp-json\/wp\/v2\/pages\/1297","targetHints":{"allow":["GET"]}}],"collection":[{"href":"https:\/\/ebp.org.br\/ba\/wp-json\/wp\/v2\/pages"}],"about":[{"href":"https:\/\/ebp.org.br\/ba\/wp-json\/wp\/v2\/types\/page"}],"author":[{"embeddable":true,"href":"https:\/\/ebp.org.br\/ba\/wp-json\/wp\/v2\/users\/1"}],"replies":[{"embeddable":true,"href":"https:\/\/ebp.org.br\/ba\/wp-json\/wp\/v2\/comments?post=1297"}],"version-history":[{"count":4,"href":"https:\/\/ebp.org.br\/ba\/wp-json\/wp\/v2\/pages\/1297\/revisions"}],"predecessor-version":[{"id":4058,"href":"https:\/\/ebp.org.br\/ba\/wp-json\/wp\/v2\/pages\/1297\/revisions\/4058"}],"wp:attachment":[{"href":"https:\/\/ebp.org.br\/ba\/wp-json\/wp\/v2\/media?parent=1297"}],"curies":[{"name":"wp","href":"https:\/\/api.w.org\/{rel}","templated":true}]}}