{"id":1188,"date":"2017-07-20T17:50:25","date_gmt":"2017-07-20T20:50:25","guid":{"rendered":"http:\/\/www.ebp.org.br\/ba\/?page_id=1188"},"modified":"2023-10-24T11:11:07","modified_gmt":"2023-10-24T14:11:07","slug":"carteis","status":"publish","type":"page","link":"https:\/\/ebp.org.br\/ba\/carteis\/","title":{"rendered":"Cart\u00e9is"},"content":{"rendered":"<section class=\"wpb-content-wrapper\">[vc_row][vc_column][vc_column_text]\n<h2 class=\"rtin-title\"><span style=\"color: #800000;\">Cart\u00e9is<\/span><\/h2>\n<p>O cartel \u00e9 um dos dispositivos de base da Escola de Lacan e deve funcionar como porta de entrada para a Escola. Comp\u00f5e-se de tr\u00eas pessoas no m\u00ednimo e de cinco no m\u00e1ximo, sendo quatro a medida considerada certa, que se re\u00fanem e escolhem Mais Um que, sendo qualquer Um n\u00e3o pode ser ningu\u00e9m, nos indica Lacan. O Mais Um deve zelar pelos efeitos internos e provocar a elabora\u00e7\u00e3o. Resgatamos aqui a passagem de \u201c<em>D\u2019Ecolage\u201d<\/em>\u00a0na qual Lacan acentua o lugar do cartel como \u00f3rg\u00e3o de base da Escola: \u201cRestauro em seu favor o \u00f3rg\u00e3o de base retomando a funda\u00e7\u00e3o da Escola \u2013 ou seja, o cartel \u2013 do qual, feita a experi\u00eancia, aprimoro a formaliza\u00e7\u00e3o\u201d. Seus componentes se escolhem em torno de um assunto de interesse comum, a partir do qual cada um recorta sua pr\u00f3pria quest\u00e3o. Ao final de dois anos de trabalho devem se desanodar, expondo o produto de cada um. Podem participar de um cartel aqueles que praticam a psican\u00e1lise ou queiram estud\u00e1-la, sejam Membros da Escola ou n\u00e3o, desde que consintam com sua declara\u00e7\u00e3o \u00e0 Escola. Os cart\u00e9is s\u00e3o da Escola.<\/p>\n<p>O Cartel tem funcionado especialmente como um dispositivo que produz la\u00e7o entre a Escola, o Instituto e as pessoas que est\u00e3o aproximando-se da\u00a0Orienta\u00e7\u00e3o Lacaniana.[\/vc_column_text][\/vc_column][\/vc_row]\n<\/section>","protected":false},"excerpt":{"rendered":"<p>[vc_row][vc_column][vc_column_text] Cart\u00e9is O cartel \u00e9 um dos dispositivos de base da Escola de Lacan e deve funcionar como porta de entrada para a Escola. Comp\u00f5e-se de tr\u00eas pessoas no m\u00ednimo e de cinco no m\u00e1ximo, sendo quatro a medida considerada certa, que se re\u00fanem e escolhem Mais Um que, sendo qualquer Um n\u00e3o pode ser&hellip;<\/p>\n","protected":false},"author":1,"featured_media":0,"parent":0,"menu_order":0,"comment_status":"closed","ping_status":"closed","template":"","meta":{"footnotes":""},"class_list":["post-1188","page","type-page","status-publish","hentry","entry","no-media"],"_links":{"self":[{"href":"https:\/\/ebp.org.br\/ba\/wp-json\/wp\/v2\/pages\/1188","targetHints":{"allow":["GET"]}}],"collection":[{"href":"https:\/\/ebp.org.br\/ba\/wp-json\/wp\/v2\/pages"}],"about":[{"href":"https:\/\/ebp.org.br\/ba\/wp-json\/wp\/v2\/types\/page"}],"author":[{"embeddable":true,"href":"https:\/\/ebp.org.br\/ba\/wp-json\/wp\/v2\/users\/1"}],"replies":[{"embeddable":true,"href":"https:\/\/ebp.org.br\/ba\/wp-json\/wp\/v2\/comments?post=1188"}],"version-history":[{"count":3,"href":"https:\/\/ebp.org.br\/ba\/wp-json\/wp\/v2\/pages\/1188\/revisions"}],"predecessor-version":[{"id":3792,"href":"https:\/\/ebp.org.br\/ba\/wp-json\/wp\/v2\/pages\/1188\/revisions\/3792"}],"wp:attachment":[{"href":"https:\/\/ebp.org.br\/ba\/wp-json\/wp\/v2\/media?parent=1188"}],"curies":[{"name":"wp","href":"https:\/\/api.w.org\/{rel}","templated":true}]}}