{"id":1178,"date":"2017-07-20T17:45:51","date_gmt":"2017-07-20T20:45:51","guid":{"rendered":"http:\/\/www.ebp.org.br\/ba\/?page_id=1178"},"modified":"2026-03-24T18:58:50","modified_gmt":"2026-03-24T21:58:50","slug":"sobre-a-ebp-bahia","status":"publish","type":"page","link":"https:\/\/ebp.org.br\/ba\/sobre-a-ebp-bahia\/","title":{"rendered":"Sobre a EBP Bahia"},"content":{"rendered":"<section class=\"wpb-content-wrapper\">[vc_row][vc_column][vc_column_text]\n<h2 class=\"rtin-title\"><span style=\"color: #800000;\">Sobre a EBP Se\u00e7\u00e3o Bahia<\/span><\/h2>\n<p>A Escola Brasileira de Psican\u00e1lise \u2013 Se\u00e7\u00e3o Bahia comp\u00f5e junto com mais se\u00e7\u00f5es no Brasil \u00a0a <a href=\"http:\/\/www.ebp.org.br\">Escola Brasileira de Psican\u00e1lise<\/a>, fundada em 1995, filiada \u00e0 <a href=\"http:\/\/www.wapol.com\">Associa\u00e7\u00e3o Mundial de Psican\u00e1lise<\/a> (AMP), fazendo parte da rede da Funda\u00e7\u00e3o do Campo Freudiano.<\/p>\n<p>A Escola tem por objetivo manter vivos o ensino e a pr\u00e1tica da psican\u00e1lise, enfatizando a forma\u00e7\u00e3o permanente de seus membros. Ela busca favorecer o discurso anal\u00edtico e o avan\u00e7o da psican\u00e1lise freudiana segundo a orienta\u00e7\u00e3o de Jacques Lacan, abrindo-se ao debate sobre os impasses de seu tempo.<\/p>\n<p>Dentre as atividades abertas ao p\u00fablico desenvolvemos o <em><u>Semin\u00e1rio de Forma\u00e7\u00e3o Permanente<\/u><\/em> de frequ\u00eancia semanal, <em>Semin\u00e1rios<\/em> <em>dos membros<\/em> da Escola, acesso ao acervo da nossa <em><u>Biblioteca<\/u><\/em> assim como cursos, debates e lan\u00e7amentos organizados pela mesma. Contamos com o dispositivo do <em>Cartel, <\/em>pequeno grupo de trabalho, inventando por Lacan, aberto a todos os interessados, que na modalidade de rede acolhe investiga\u00e7\u00f5es que regularmente d\u00e3o a conhecer seus resultados em <em>Noitadas<\/em> e <em>Jornadas de Cart\u00e9is <\/em>abertas \u00e0 comunidade.<\/p>\n<p>Uma vez por ano realizamos <em><u>Jornadas<\/u><\/em> ao redor de um tema trabalhado durante o ano de forma\u00e7\u00e3o, que conta com a presencia de colegas de todo o estado da Bahia e outros estados vizinhos ligados por transfer\u00eancia de trabalho com a nossa se\u00e7\u00e3o.<\/p>\n<p>O trabalho de Escola na Bahia se enla\u00e7a com as outras se\u00e7\u00f5es do Brasil nos encontros nacionais, com os colegas de Am\u00e9rica Latina atrav\u00e9s da rede <a href=\"http:\/\/www.fapol.org\/es\">FAPOL<\/a> (Federa\u00e7\u00e3o Americana de Psican\u00e1lise de Orienta\u00e7\u00e3o Lacaniana) e \u00e0 comunidade internacional em seu conjunto a trav\u00e9s dos Congressos da Associa\u00e7\u00e3o Mundial de Psican\u00e1lise, dentre outras ocasi\u00f5es de transfer\u00eancia de trabalho.<\/p>\n<p>A EBP- Se\u00e7\u00e3o Bahia edita anualmente a revista <em>Agente,<\/em> impressa, e livros de interesse.\u00a0 Sua agenda est\u00e1 dispon\u00edvel no site e nas redes sociais como Facebook, Instagram, WhatsApp e Veredas. Divide junto com o <a href=\"http:\/\/www.institutopsicanalisebahia.com.br\/\"><em>Instituto de Psican\u00e1lise da Bahia<\/em><\/a> o mesmo espa\u00e7o de funcionamento.[\/vc_column_text][\/vc_column][\/vc_row][vc_row][vc_column][vc_column_text]\n<h3><span style=\"color: #993300;\">Diretoria da Se\u00e7\u00e3o\u00a0Bahia<\/span><\/h3>\n<p><strong>Diretor Geral<\/strong> \u2013 Marcelo Magnelli<\/p>\n<p><strong>Diretor Secret\u00e1rio Tesoureiro<\/strong>\u00a0\u2013 Pablo Sauce<\/p>\n<p><strong>Diretora de Cart\u00e9is e Interc\u00e2mbio<\/strong>\u00a0\u2013 J\u00falia Solano<\/p>\n<p><strong>Diretor de Biblioteca<\/strong> \u2013 Iordan Gurgel<\/p>\n<hr \/>\n<h3><span style=\"color: #993300;\">Conselho Se\u00e7\u00e3o Bahia:<\/span><\/h3>\n<ul>\n<li>Pablo Sauce (Presidente)<\/li>\n<li>T\u00e2nia Maria Lima de Ara\u00fajo (Secret\u00e1ria)<\/li>\n<li>Maria de F\u00e1tima Almeida Sarmento<\/li>\n<li>Daniela Nunes Ara\u00fajo<\/li>\n<li>M\u00f4nica Hage Braga Pereira<\/li>\n<li>Camilla Oliveira Costa Pereira<\/li>\n<\/ul>\n[\/vc_column_text][\/vc_column][\/vc_row]\n<\/section>","protected":false},"excerpt":{"rendered":"<p>[vc_row][vc_column][vc_column_text] Sobre a EBP Se\u00e7\u00e3o Bahia A Escola Brasileira de Psican\u00e1lise \u2013 Se\u00e7\u00e3o Bahia comp\u00f5e junto com mais se\u00e7\u00f5es no Brasil \u00a0a Escola Brasileira de Psican\u00e1lise, fundada em 1995, filiada \u00e0 Associa\u00e7\u00e3o Mundial de Psican\u00e1lise (AMP), fazendo parte da rede da Funda\u00e7\u00e3o do Campo Freudiano. A Escola tem por objetivo manter vivos o ensino e&hellip;<\/p>\n","protected":false},"author":1,"featured_media":0,"parent":0,"menu_order":0,"comment_status":"closed","ping_status":"closed","template":"","meta":{"footnotes":""},"class_list":["post-1178","page","type-page","status-publish","hentry","entry","no-media"],"_links":{"self":[{"href":"https:\/\/ebp.org.br\/ba\/wp-json\/wp\/v2\/pages\/1178","targetHints":{"allow":["GET"]}}],"collection":[{"href":"https:\/\/ebp.org.br\/ba\/wp-json\/wp\/v2\/pages"}],"about":[{"href":"https:\/\/ebp.org.br\/ba\/wp-json\/wp\/v2\/types\/page"}],"author":[{"embeddable":true,"href":"https:\/\/ebp.org.br\/ba\/wp-json\/wp\/v2\/users\/1"}],"replies":[{"embeddable":true,"href":"https:\/\/ebp.org.br\/ba\/wp-json\/wp\/v2\/comments?post=1178"}],"version-history":[{"count":6,"href":"https:\/\/ebp.org.br\/ba\/wp-json\/wp\/v2\/pages\/1178\/revisions"}],"predecessor-version":[{"id":4059,"href":"https:\/\/ebp.org.br\/ba\/wp-json\/wp\/v2\/pages\/1178\/revisions\/4059"}],"wp:attachment":[{"href":"https:\/\/ebp.org.br\/ba\/wp-json\/wp\/v2\/media?parent=1178"}],"curies":[{"name":"wp","href":"https:\/\/api.w.org\/{rel}","templated":true}]}}